{"id":289,"date":"2023-01-18T15:56:41","date_gmt":"2023-01-18T11:56:41","guid":{"rendered":"https:\/\/creativedn8.com\/?page_id=289"},"modified":"2024-08-07T13:31:17","modified_gmt":"2024-08-07T09:31:17","slug":"services","status":"publish","type":"page","link":"https:\/\/creativedn8.com\/index.php\/services\/","title":{"rendered":"Cr\u00e9ations"},"content":{"rendered":"\n<div class=\"wp-block-themepunch-revslider revslider\" data-modal=\"false\" data-slidertitle=\"Services Menu 2\" style=\"\">\n\t\t\t\t<p class=\"rs-p-wp-fix\"><\/p>\n\t\t\t\t<sr7-module data-alias=\"services-menu-1\" data-id=\"107\" id=\"SR7_107_1\" class=\"rs-ov-hidden\" data-version=\"6.7.51\">\n\t\t\t\t\t<sr7-adjuster><\/sr7-adjuster>\n\t\t\t\t\t<sr7-content>\n\t\t\t\t\t\t<sr7-slide id=\"SR7_107_1-74\" data-key=\"74\">\n\t\t\t\t\t\t\t<sr7-txt id=\"SR7_107_1-74-3\" class=\"sr7-layer\">Team<\/sr7-txt>\n\t\t\t\t\t\t\t<a id=\"SR7_107_1-74-4\" class=\"sr7-layer\" href=\"mailto:contact@creativedn8.com\" target=\"_blank\" rel=\"noopener\">Nous contacter<\/a>\n\t\t\t\t\t\t\t<sr7-txt id=\"SR7_107_1-74-5\" class=\"sr7-layer\">Reviews<\/sr7-txt>\n\t\t\t\t\t\t\t<sr7-txt id=\"SR7_107_1-74-6\" class=\"sr7-layer\">Visites virtuelles<\/sr7-txt>\n\t\t\t\t\t\t\t<a id=\"SR7_107_1-74-7\" class=\"sr7-layer\" href=\"https:\/\/creativedn8.com\/\" target=\"_self\">Accueil<\/a>\n\t\t\t\t\t\t\t<sr7-txt id=\"menutop\" class=\"sr7-layer\">Applications<\/sr7-txt>\n\t\t\t\t\t\t\t<sr7-txt id=\"SR7_107_1-74-10\" class=\"sr7-layer\">Jeux vid\u00e9os<\/sr7-txt>\n\t\t\t\t\t\t<\/sr7-slide>\n\t\t\t\t\t\t<sr7-slide id=\"SR7_107_1-278\" data-key=\"278\">\n\t\t\t\t\t\t<\/sr7-slide>\n\t\t\t\t\t<\/sr7-content>\n\t\t\t\t\t<image_lists style=\"display:none\">\n\t\t\t\t\t\t<img data-src=\"\/\/creativedn8.com\/wp-content\/uploads\/2022\/04\/cd8_transp-3-150x150.png\" data-libid=\"174\" data-lib=\"medialibrary\" title=\"cd8_transp\" width=\"0\" height=\"0\" data-dbsrc=\"Ly9jcmVhdGl2ZWRuOC5jb20vd3AtY29udGVudC91cGxvYWRzLzIwMjIvMDQvY2Q4X3RyYW5zcC0zLTE1MHgxNTAucG5n\"\/>\n\t\t\t\t\t<\/image_lists>\n\t\t\t\t<\/sr7-module>\n\t\t\t\t<script>\n\t\t\t\t\twindow.SR7 ??={};SR7.PMH ??={}; SR7.PMH[\"SR7_107_1\"] = {cn:100,state:false,fn: function() { if (window._tpt!==undefined && window._tpt.prepareModuleHeight !== undefined) {  _tpt.prepareModuleHeight({id:\"SR7_107_1\",el:[900,900,768,960,720],fixed:true,type:'standard',shdw:'0',gh:[900,900,768,960,720],gw:[1240,1240,1024,778,480],vpt:['-200px&#039;,&#039;-200px&#039;,&#039;-200px&#039;,&#039;-200px&#039;,&#039;-200px'],size:{fullWidth:true, fullHeight:true},fho:',',mh:'0',onh:0,onw:0,bg:{color:'{\"orig\":\"transparent\",\"type\":\"solid\",\"string\":\"transparent\"}'}});   SR7.PMH[\"SR7_107_1\"].state=true;} else if(SR7.PMH[\"SR7_107_1\"].cn-->0)\tsetTimeout( SR7.PMH[\"SR7_107_1\"].fn,19);}};SR7.PMH[\"SR7_107_1\" ].fn();\n\t\t\t\t<\/script>\n<\/div>\n\n\n\n<div class=\"wp-block-themepunch-revslider revslider\" data-modal=\"false\" style=\"\"><\/div>\n\n\n\n<div class=\"wp-block-themepunch-revslider revslider\" data-modal=\"false\" data-slidertitle=\"Startup CTA2 1\" style=\"\">\n\t\t\t\t<p class=\"rs-p-wp-fix\"><\/p>\n\t\t\t\t<sr7-module data-alias=\"startup-cta2-1\" data-id=\"103\" id=\"cta\" data-version=\"6.7.51\">\n\t\t\t\t\t<sr7-adjuster><\/sr7-adjuster>\n\t\t\t\t\t<sr7-content>\n\t\t\t\t\t\t<sr7-slide id=\"cta-70\" data-key=\"70\">\n\t\t\t\t\t\t\t<h4 id=\"vr\" class=\"sr7-layer\">NOS CR\u00c9ATIONS<\/h4>\n\t\t\t\t\t\t\t<h2 id=\"cta-70-46\" class=\"sr7-layer\">Visites virtuelles<\/h2>\n\t\t\t\t\t\t\t<a id=\"cta-70-47\" class=\"sr7-layer\" href=\"mailto:contact@creativedn8.com\" target=\"_blank\" rel=\"noopener\">Nous contacter<\/a>\n\t\t\t\t\t\t<\/sr7-slide>\n\t\t\t\t\t\t<sr7-slide id=\"cta-274\" data-key=\"274\">\n\t\t\t\t\t\t<\/sr7-slide>\n\t\t\t\t\t<\/sr7-content>\n\t\t\t\t<\/sr7-module>\n\t\t\t\t<script>\n\t\t\t\t\twindow.SR7 ??={};SR7.PMH ??={}; SR7.PMH[\"cta\"] = {cn:100,state:false,fn: function() { if (window._tpt!==undefined && window._tpt.prepareModuleHeight !== undefined) {  _tpt.prepareModuleHeight({id:\"cta\",el:[800,768,600,600],type:'hero',shdw:'0',gh:[800,768,600,600],gw:[1240,1024,778,480],vpt:['200px'],size:{fullWidth:true, fullHeight:false},mh:'0',onh:0,onw:0,bg:{color:'#dce0f7'}});   SR7.PMH[\"cta\"].state=true;} else if(SR7.PMH[\"cta\"].cn-->0)\tsetTimeout( SR7.PMH[\"cta\"].fn,19);}};SR7.PMH[\"cta\" ].fn();\n\t\t\t\t<\/script>\n<\/div>\n\n\n\n\n<!-- iframe plugin v.5.1 wordpress.org\/plugins\/iframe\/ -->\n<iframe loading=\"lazy\" data-src=\"https:\/\/vr.creativedn8.com\/saintdenisvr\/\" width=\"100%\" height=\"900\" scrolling=\"yes\" class=\"iframe-class lazyload\" frameborder=\"0\" src=\"data:image\/gif;base64,R0lGODlhAQABAAAAACH5BAEKAAEALAAAAAABAAEAAAICTAEAOw==\" data-load-mode=\"1\"><\/iframe>\n\n\n\n\n<div class=\"wp-block-themepunch-revslider revslider\" data-modal=\"false\" data-slidertitle=\"Jeux\" style=\"\">\n\t\t\t\t<p class=\"rs-p-wp-fix\"><\/p>\n\t\t\t\t<sr7-module data-alias=\"applications-1\" data-id=\"108\" id=\"cta_1\" data-version=\"6.7.51\">\n\t\t\t\t\t<sr7-adjuster><\/sr7-adjuster>\n\t\t\t\t\t<sr7-content>\n\t\t\t\t\t\t<sr7-slide id=\"cta_1-75\" data-key=\"75\">\n\t\t\t\t\t\t\t<h4 id=\"cta_1-75-45\" class=\"sr7-layer\"><\/h4>\n\t\t\t\t\t\t\t<h2 id=\"cta_1-75-46\" class=\"sr7-layer\">Jeux Vid\u00e9os<\/h2>\n\t\t\t\t\t\t\t<a id=\"cta_1-75-47\" class=\"sr7-layer\" href=\"mailto:contact@creativedn8.com\" target=\"_blank\" rel=\"noopener\">Nous contacter<\/a>\n\t\t\t\t\t\t<\/sr7-slide>\n\t\t\t\t\t\t<sr7-slide id=\"cta_1-279\" data-key=\"279\">\n\t\t\t\t\t\t<\/sr7-slide>\n\t\t\t\t\t<\/sr7-content>\n\t\t\t\t<\/sr7-module>\n\t\t\t\t<script>\n\t\t\t\t\twindow.SR7 ??={};SR7.PMH ??={}; SR7.PMH[\"cta_1\"] = {cn:100,state:false,fn: function() { if (window._tpt!==undefined && window._tpt.prepareModuleHeight !== undefined) {  _tpt.prepareModuleHeight({id:\"cta_1\",el:[800,768,600,600],type:'hero',shdw:'0',gh:[800,768,600,600],gw:[1240,1024,778,480],vpt:['200px'],size:{fullWidth:true, fullHeight:false},mh:'0',onh:0,onw:0,bg:{color:'#dce0f7'}});   SR7.PMH[\"cta_1\"].state=true;} else if(SR7.PMH[\"cta_1\"].cn-->0)\tsetTimeout( SR7.PMH[\"cta_1\"].fn,19);}};SR7.PMH[\"cta_1\" ].fn();\n\t\t\t\t<\/script>\n<\/div>\n\n\n\n<figure class=\"wp-block-embed is-type-video is-provider-youtube wp-block-embed-youtube wp-embed-aspect-16-9 wp-has-aspect-ratio\"><div class=\"wp-block-embed__wrapper\">\n<iframe loading=\"lazy\" title=\"GREY LINES - Early Development Teaser: Three Heroes. One Conspiracy. How Far Will You Go?\" width=\"750\" height=\"422\" data-src=\"https:\/\/www.youtube.com\/embed\/t93dnAPWfkE?feature=oembed\" frameborder=\"0\" allow=\"accelerometer; autoplay; clipboard-write; encrypted-media; gyroscope; picture-in-picture; web-share\" allowfullscreen src=\"data:image\/gif;base64,R0lGODlhAQABAAAAACH5BAEKAAEALAAAAAABAAEAAAICTAEAOw==\" class=\"lazyload\" data-load-mode=\"1\"><\/iframe>\n<\/div><\/figure>\n\n\n\n<div class=\"wp-block-themepunch-revslider revslider\" data-modal=\"false\" data-slidertitle=\"Fashion Website Slider Modal1\" style=\"\">\n\t\t\t\t<p class=\"rs-p-wp-fix\"><\/p>\n\t\t\t\t<sr7-module data-alias=\"fashion-website-slider-modal1\" data-id=\"101\" id=\"SR7_101_4\" data-version=\"6.7.51\">\n\t\t\t\t\t<sr7-adjuster><\/sr7-adjuster>\n\t\t\t\t\t<sr7-content>\n\t\t\t\t\t\t<sr7-carousel>\n\t\t\t\t\t\t<sr7-slide id=\"SR7_101_4-64\" data-key=\"64\">\n\t\t\t\t\t\t\t<sr7-bg id=\"SR7_101_4-64-slidebg\" class=\"sr7-layer\"><noscript><img decoding=\"async\" src=\"https:\/\/creativedn8.com\/wp-content\/uploads\/2023\/03\/CompressedCapture-decran-2022-12-05-011018.png\" alt=\"\" title=\"CompressedCapture d\u2019e\u0301cran 2022-12-05 011018\"><\/noscript><\/sr7-bg>\n\t\t\t\t\t\t<\/sr7-slide>\n\t\t\t\t\t\t<sr7-slide id=\"SR7_101_4-65\" data-key=\"65\">\n\t\t\t\t\t\t\t<sr7-bg id=\"SR7_101_4-65-slidebg\" class=\"sr7-layer\"><noscript><img decoding=\"async\" src=\"https:\/\/creativedn8.com\/wp-content\/uploads\/2023\/03\/CompressedCapture-decran-2022-11-28-195931.png\" alt=\"\" title=\"CompressedCapture d\u2019e\u0301cran 2022-11-28 195931\"><\/noscript><\/sr7-bg>\n\t\t\t\t\t\t<\/sr7-slide>\n\t\t\t\t\t\t<sr7-slide id=\"SR7_101_4-66\" data-key=\"66\">\n\t\t\t\t\t\t\t<sr7-bg id=\"SR7_101_4-66-slidebg\" class=\"sr7-layer\"><noscript><img decoding=\"async\" src=\"https:\/\/creativedn8.com\/wp-content\/uploads\/2023\/03\/1-CompressedCapture%20d\u2019e\u0301cran%202023-02-20%20182144.png\" alt=\"\" title=\"CompressedCapture d\u2019e\u0301cran 2023-02-20 182144\"><\/noscript><\/sr7-bg>\n\t\t\t\t\t\t<\/sr7-slide>\n\t\t\t\t\t\t<sr7-slide id=\"SR7_101_4-67\" data-key=\"67\">\n\t\t\t\t\t\t\t<sr7-bg id=\"SR7_101_4-67-slidebg\" class=\"sr7-layer\"><noscript><img decoding=\"async\" src=\"https:\/\/creativedn8.com\/wp-content\/uploads\/2023\/03\/1-CompressedCapture%20d\u2019e\u0301cran%202023-02-20%20182916.png\" alt=\"\" title=\"CompressedCapture d\u2019e\u0301cran 2023-02-20 182916\"><\/noscript><\/sr7-bg>\n\t\t\t\t\t\t<\/sr7-slide>\n\t\t\t\t\t\t<sr7-slide id=\"SR7_101_4-272\" data-key=\"272\">\n\t\t\t\t\t\t\t<sr7-txt id=\"SR7_101_4-272-0\" class=\"sr7-layer\"><i class=\"pe-7s-close\"><\/i><\/sr7-txt>\n\t\t\t\t\t\t\t<sr7-txt id=\"SR7_101_4-272-4\" class=\"sr7-layer\">Close<\/sr7-txt>\n\t\t\t\t\t\t<\/sr7-slide>\n\t\t\t\t\t\t<\/sr7-carousel>\n\t\t\t\t\t<\/sr7-content>\n\t\t\t\t<\/sr7-module>\n\t\t\t\t<script>\n\t\t\t\t\twindow.SR7 ??={};SR7.PMH ??={}; SR7.PMH[\"SR7_101_4\"] = {cn:100,state:false,fn: function() { if (window._tpt!==undefined && window._tpt.prepareModuleHeight !== undefined) {  _tpt.prepareModuleHeight({id:\"SR7_101_4\",el:[700,768,960,400],type:'carousel',shdw:'0',gh:[700,600,500,400],gw:[1240,1024,778,480],vpt:['-200px'],size:{fullWidth:true, fullHeight:true},offsetContainer:'',offset:'',mh:'0',onh:0,onw:0,bg:{color:'#000000'},carousel:{pt:'0',pb:'0'}});   SR7.PMH[\"SR7_101_4\"].state=true;} else if(SR7.PMH[\"SR7_101_4\"].cn-->0)\tsetTimeout( SR7.PMH[\"SR7_101_4\"].fn,19);}};SR7.PMH[\"SR7_101_4\" ].fn();\n\t\t\t\t<\/script>\n<\/div>\n\n\n\n<div class=\"wp-block-themepunch-revslider revslider\" data-modal=\"false\" data-slidertitle=\"Applications\" style=\"\">\n\t\t\t\t<p class=\"rs-p-wp-fix\"><\/p>\n\t\t\t\t<sr7-module data-alias=\"startup-cta2-1-1\" data-id=\"105\" id=\"cta_2\" data-version=\"6.7.51\">\n\t\t\t\t\t<sr7-adjuster><\/sr7-adjuster>\n\t\t\t\t\t<sr7-content>\n\t\t\t\t\t\t<sr7-slide id=\"cta_2-72\" data-key=\"72\">\n\t\t\t\t\t\t\t<h4 id=\"cta_2-72-45\" class=\"sr7-layer\"><\/h4>\n\t\t\t\t\t\t\t<h2 id=\"appli\" class=\"sr7-layer\">Applications Sur Mesure<\/h2>\n\t\t\t\t\t\t\t<a id=\"cta_2-72-47\" class=\"sr7-layer\" href=\"mailto:contact@creativedn8.com\" target=\"_blank\" rel=\"noopener\">Nous contacter<\/a>\n\t\t\t\t\t\t<\/sr7-slide>\n\t\t\t\t\t\t<sr7-slide id=\"cta_2-276\" data-key=\"276\">\n\t\t\t\t\t\t<\/sr7-slide>\n\t\t\t\t\t<\/sr7-content>\n\t\t\t\t<\/sr7-module>\n\t\t\t\t<script>\n\t\t\t\t\twindow.SR7 ??={};SR7.PMH ??={}; SR7.PMH[\"cta_2\"] = {cn:100,state:false,fn: function() { if (window._tpt!==undefined && window._tpt.prepareModuleHeight !== undefined) {  _tpt.prepareModuleHeight({id:\"cta_2\",el:[800,768,600,600],type:'hero',shdw:'0',gh:[800,768,600,600],gw:[1240,1024,778,480],vpt:['200px'],size:{fullWidth:true, fullHeight:false},mh:'0',onh:0,onw:0,bg:{color:'#dce0f7'}});   SR7.PMH[\"cta_2\"].state=true;} else if(SR7.PMH[\"cta_2\"].cn-->0)\tsetTimeout( SR7.PMH[\"cta_2\"].fn,19);}};SR7.PMH[\"cta_2\" ].fn();\n\t\t\t\t<\/script>\n<\/div>\n\n\n\n<div class=\"wp-block-themepunch-revslider revslider\" data-modal=\"false\" data-slidertitle=\"Startup Footer2\" style=\"\">\n\t\t\t\t<p class=\"rs-p-wp-fix\"><\/p>\n\t\t\t\t<sr7-module data-alias=\"startup-footer2\" data-id=\"92\" id=\"SR7_92_6\" class=\"rs-ov-hidden\" data-version=\"6.7.51\">\n\t\t\t\t\t<sr7-adjuster><\/sr7-adjuster>\n\t\t\t\t\t<sr7-content>\n\t\t\t\t\t\t<sr7-slide id=\"SR7_92_6-54\" data-key=\"54\">\n\t\t\t\t\t\t\t<sr7-txt id=\"SR7_92_6-54-5\" class=\"sr7-layer\">\u00a9 2022 Creative Dn8 - tous droits r\u00e9serv\u00e9s<\/sr7-txt>\n\t\t\t\t\t\t\t<sr7-txt id=\"SR7_92_6-54-6\" class=\"sr7-layer\">contact@creativedn8.com<\/sr7-txt>\n\t\t\t\t\t\t\t<sr7-txt id=\"SR7_92_6-54-8\" class=\"sr7-layer\"><i class=\"fa-facebook-f\"><\/i><\/sr7-txt>\n\t\t\t\t\t\t\t<sr7-txt id=\"SR7_92_6-54-9\" class=\"sr7-layer\"><i class=\"fa-instagram\"><\/i><\/sr7-txt>\n\t\t\t\t\t\t\t<sr7-txt id=\"SR7_92_6-54-11\" class=\"sr7-layer\">Laboratoire de cr\u00e9ation digitale<\/sr7-txt>\n\t\t\t\t\t\t\t<h3 id=\"SR7_92_6-54-12\" class=\"sr7-layer\">Contact<\/h3>\n\t\t\t\t\t\t\t<h3 id=\"SR7_92_6-54-13\" class=\"sr7-layer\">Le site<\/h3>\n\t\t\t\t\t\t\t<sr7-txt id=\"SR7_92_6-54-14\" class=\"sr7-layer\">Qui sommes-nous ?<\/sr7-txt>\n\t\t\t\t\t\t\t<a id=\"SR7_92_6-54-15\" class=\"sr7-layer\" href=\"https:\/\/creativedn8.com\/index.php\/services\/\" target=\"_self\">Services<\/a>\n\t\t\t\t\t\t\t<sr7-txt id=\"SR7_92_6-54-16\" class=\"sr7-layer\">L'\u00e9quipe<\/sr7-txt>\n\t\t\t\t\t\t\t<a id=\"SR7_92_6-54-17\" class=\"sr7-layer\" href=\"https:\/\/www.balaad.com\" target=\"_blank\" rel=\"noopener\">Balaad<\/a>\n\t\t\t\t\t\t\t<sr7-txt id=\"SR7_92_6-54-19\" class=\"sr7-layer\"><i class=\"fa-youtube-play\"><\/i><\/sr7-txt>\n\t\t\t\t\t\t<\/sr7-slide>\n\t\t\t\t\t\t<sr7-slide id=\"SR7_92_6-268\" data-key=\"268\">\n\t\t\t\t\t\t<\/sr7-slide>\n\t\t\t\t\t<\/sr7-content>\n\t\t\t\t<\/sr7-module>\n\t\t\t\t<script>\n\t\t\t\t\twindow.SR7 ??={};SR7.PMH ??={}; SR7.PMH[\"SR7_92_6\"] = {cn:100,state:false,fn: function() { if (window._tpt!==undefined && window._tpt.prepareModuleHeight !== undefined) {  _tpt.prepareModuleHeight({id:\"SR7_92_6\",el:[600,600,600,600,905],type:'hero',shdw:'0',gh:[600,600,600,600,905],gw:[1240,1240,1024,778,480],vpt:['-200px&#039;,&#039;-200px&#039;,&#039;-200px&#039;,&#039;-200px&#039;,&#039;-200px'],size:{fullWidth:true, fullHeight:false},mh:'0',onh:0,onw:0,bg:{color:'{\"type\":\"solid\",\"orig\":\"#151418\",\"string\":\"rgba(21, 20, 24, 1)\"}'}});   SR7.PMH[\"SR7_92_6\"].state=true;} else if(SR7.PMH[\"SR7_92_6\"].cn-->0)\tsetTimeout( SR7.PMH[\"SR7_92_6\"].fn,19);}};SR7.PMH[\"SR7_92_6\" ].fn();\n\t\t\t\t<\/script>\n<\/div>\n\n\n\n<div class=\"wp-block-themepunch-revslider revslider\" data-modal=\"false\" style=\"\"><\/div>\n","protected":false},"excerpt":{"rendered":"","protected":false},"author":1,"featured_media":0,"parent":0,"menu_order":0,"comment_status":"closed","ping_status":"closed","template":"..\/public\/views\/revslider-page-template.php","meta":{"footnotes":""},"class_list":["post-289","page","type-page","status-publish","hentry","entry"],"yoast_head":"<!-- This site is optimized with the Yoast SEO plugin v23.0 - https:\/\/yoast.com\/wordpress\/plugins\/seo\/ -->\n<title>Creative DN8 - Nous donnons vie \u00e0 vos ambitions digitales<\/title>\n<meta name=\"description\" content=\"Agence digitale - Cr\u00e9ation d&#039;applications innovantes, visites virtuelles, jeux vid\u00e9os, smart city et mod\u00e9lisation 3D.\" \/>\n<meta name=\"robots\" content=\"index, follow, max-snippet:-1, max-image-preview:large, max-video-preview:-1\" \/>\n<link rel=\"canonical\" href=\"https:\/\/creativedn8.com\/index.php\/services\/\" \/>\n<meta property=\"og:locale\" content=\"fr_FR\" \/>\n<meta property=\"og:type\" content=\"article\" \/>\n<meta property=\"og:title\" content=\"Creative DN8 - Nous donnons vie \u00e0 vos ambitions digitales\" \/>\n<meta property=\"og:description\" content=\"Agence digitale - Cr\u00e9ation d&#039;applications innovantes, visites virtuelles, jeux vid\u00e9os, smart city et mod\u00e9lisation 3D.\" \/>\n<meta property=\"og:url\" content=\"https:\/\/creativedn8.com\/index.php\/services\/\" \/>\n<meta property=\"og:site_name\" content=\"Creative DN8\" \/>\n<meta property=\"article:publisher\" content=\"https:\/\/m.facebook.com\/Creative-DN8-106354690825481\/\" \/>\n<meta property=\"article:modified_time\" content=\"2024-08-07T09:31:17+00:00\" \/>\n<meta name=\"twitter:card\" content=\"summary_large_image\" \/>\n<meta name=\"twitter:label1\" content=\"Dur\u00e9e de lecture estim\u00e9e\" \/>\n\t<meta name=\"twitter:data1\" content=\"1 minute\" \/>\n<script type=\"application\/ld+json\" class=\"yoast-schema-graph\">{\"@context\":\"https:\/\/schema.org\",\"@graph\":[{\"@type\":\"WebPage\",\"@id\":\"https:\/\/creativedn8.com\/index.php\/services\/\",\"url\":\"https:\/\/creativedn8.com\/index.php\/services\/\",\"name\":\"Creative DN8 - Nous donnons vie \u00e0 vos ambitions digitales\",\"isPartOf\":{\"@id\":\"https:\/\/creativedn8.com\/#website\"},\"datePublished\":\"2023-01-18T11:56:41+00:00\",\"dateModified\":\"2024-08-07T09:31:17+00:00\",\"description\":\"Agence digitale - Cr\u00e9ation d'applications innovantes, visites virtuelles, jeux vid\u00e9os, smart city et mod\u00e9lisation 3D.\",\"breadcrumb\":{\"@id\":\"https:\/\/creativedn8.com\/index.php\/services\/#breadcrumb\"},\"inLanguage\":\"fr-FR\",\"potentialAction\":[{\"@type\":\"ReadAction\",\"target\":[\"https:\/\/creativedn8.com\/index.php\/services\/\"]}]},{\"@type\":\"BreadcrumbList\",\"@id\":\"https:\/\/creativedn8.com\/index.php\/services\/#breadcrumb\",\"itemListElement\":[{\"@type\":\"ListItem\",\"position\":1,\"name\":\"Accueil\",\"item\":\"https:\/\/creativedn8.com\/\"},{\"@type\":\"ListItem\",\"position\":2,\"name\":\"Cr\u00e9ations\"}]},{\"@type\":\"WebSite\",\"@id\":\"https:\/\/creativedn8.com\/#website\",\"url\":\"https:\/\/creativedn8.com\/\",\"name\":\"Creative DN8\",\"description\":\"Nous donnons vie \u00e0 vos ambitions digitales\",\"publisher\":{\"@id\":\"https:\/\/creativedn8.com\/#organization\"},\"potentialAction\":[{\"@type\":\"SearchAction\",\"target\":{\"@type\":\"EntryPoint\",\"urlTemplate\":\"https:\/\/creativedn8.com\/?s={search_term_string}\"},\"query-input\":\"required name=search_term_string\"}],\"inLanguage\":\"fr-FR\"},{\"@type\":\"Organization\",\"@id\":\"https:\/\/creativedn8.com\/#organization\",\"name\":\"CREATIVE DN8\",\"url\":\"https:\/\/creativedn8.com\/\",\"logo\":{\"@type\":\"ImageObject\",\"inLanguage\":\"fr-FR\",\"@id\":\"https:\/\/creativedn8.com\/#\/schema\/logo\/image\/\",\"url\":\"http:\/\/creativedn8.com\/wp-content\/uploads\/2022\/09\/CD8_LOGO.png\",\"contentUrl\":\"http:\/\/creativedn8.com\/wp-content\/uploads\/2022\/09\/CD8_LOGO.png\",\"width\":1000,\"height\":1000,\"caption\":\"CREATIVE DN8\"},\"image\":{\"@id\":\"https:\/\/creativedn8.com\/#\/schema\/logo\/image\/\"},\"sameAs\":[\"https:\/\/m.facebook.com\/Creative-DN8-106354690825481\/\",\"https:\/\/www.linkedin.com\/company\/creative-dn8\"]}]}<\/script>\n<!-- \/ Yoast SEO plugin. -->","yoast_head_json":{"title":"Creative DN8 - Nous donnons vie \u00e0 vos ambitions digitales","description":"Agence digitale - Cr\u00e9ation d'applications innovantes, visites virtuelles, jeux vid\u00e9os, smart city et mod\u00e9lisation 3D.","robots":{"index":"index","follow":"follow","max-snippet":"max-snippet:-1","max-image-preview":"max-image-preview:large","max-video-preview":"max-video-preview:-1"},"canonical":"https:\/\/creativedn8.com\/index.php\/services\/","og_locale":"fr_FR","og_type":"article","og_title":"Creative DN8 - Nous donnons vie \u00e0 vos ambitions digitales","og_description":"Agence digitale - Cr\u00e9ation d'applications innovantes, visites virtuelles, jeux vid\u00e9os, smart city et mod\u00e9lisation 3D.","og_url":"https:\/\/creativedn8.com\/index.php\/services\/","og_site_name":"Creative DN8","article_publisher":"https:\/\/m.facebook.com\/Creative-DN8-106354690825481\/","article_modified_time":"2024-08-07T09:31:17+00:00","twitter_card":"summary_large_image","twitter_misc":{"Dur\u00e9e de lecture estim\u00e9e":"1 minute"},"schema":{"@context":"https:\/\/schema.org","@graph":[{"@type":"WebPage","@id":"https:\/\/creativedn8.com\/index.php\/services\/","url":"https:\/\/creativedn8.com\/index.php\/services\/","name":"Creative DN8 - Nous donnons vie \u00e0 vos ambitions digitales","isPartOf":{"@id":"https:\/\/creativedn8.com\/#website"},"datePublished":"2023-01-18T11:56:41+00:00","dateModified":"2024-08-07T09:31:17+00:00","description":"Agence digitale - Cr\u00e9ation d'applications innovantes, visites virtuelles, jeux vid\u00e9os, smart city et mod\u00e9lisation 3D.","breadcrumb":{"@id":"https:\/\/creativedn8.com\/index.php\/services\/#breadcrumb"},"inLanguage":"fr-FR","potentialAction":[{"@type":"ReadAction","target":["https:\/\/creativedn8.com\/index.php\/services\/"]}]},{"@type":"BreadcrumbList","@id":"https:\/\/creativedn8.com\/index.php\/services\/#breadcrumb","itemListElement":[{"@type":"ListItem","position":1,"name":"Accueil","item":"https:\/\/creativedn8.com\/"},{"@type":"ListItem","position":2,"name":"Cr\u00e9ations"}]},{"@type":"WebSite","@id":"https:\/\/creativedn8.com\/#website","url":"https:\/\/creativedn8.com\/","name":"Creative DN8","description":"Nous donnons vie \u00e0 vos ambitions digitales","publisher":{"@id":"https:\/\/creativedn8.com\/#organization"},"potentialAction":[{"@type":"SearchAction","target":{"@type":"EntryPoint","urlTemplate":"https:\/\/creativedn8.com\/?s={search_term_string}"},"query-input":"required name=search_term_string"}],"inLanguage":"fr-FR"},{"@type":"Organization","@id":"https:\/\/creativedn8.com\/#organization","name":"CREATIVE DN8","url":"https:\/\/creativedn8.com\/","logo":{"@type":"ImageObject","inLanguage":"fr-FR","@id":"https:\/\/creativedn8.com\/#\/schema\/logo\/image\/","url":"http:\/\/creativedn8.com\/wp-content\/uploads\/2022\/09\/CD8_LOGO.png","contentUrl":"http:\/\/creativedn8.com\/wp-content\/uploads\/2022\/09\/CD8_LOGO.png","width":1000,"height":1000,"caption":"CREATIVE DN8"},"image":{"@id":"https:\/\/creativedn8.com\/#\/schema\/logo\/image\/"},"sameAs":["https:\/\/m.facebook.com\/Creative-DN8-106354690825481\/","https:\/\/www.linkedin.com\/company\/creative-dn8"]}]}},"_links":{"self":[{"href":"https:\/\/creativedn8.com\/index.php\/wp-json\/wp\/v2\/pages\/289","targetHints":{"allow":["GET"]}}],"collection":[{"href":"https:\/\/creativedn8.com\/index.php\/wp-json\/wp\/v2\/pages"}],"about":[{"href":"https:\/\/creativedn8.com\/index.php\/wp-json\/wp\/v2\/types\/page"}],"author":[{"embeddable":true,"href":"https:\/\/creativedn8.com\/index.php\/wp-json\/wp\/v2\/users\/1"}],"replies":[{"embeddable":true,"href":"https:\/\/creativedn8.com\/index.php\/wp-json\/wp\/v2\/comments?post=289"}],"version-history":[{"count":23,"href":"https:\/\/creativedn8.com\/index.php\/wp-json\/wp\/v2\/pages\/289\/revisions"}],"predecessor-version":[{"id":644,"href":"https:\/\/creativedn8.com\/index.php\/wp-json\/wp\/v2\/pages\/289\/revisions\/644"}],"wp:attachment":[{"href":"https:\/\/creativedn8.com\/index.php\/wp-json\/wp\/v2\/media?parent=289"}],"curies":[{"name":"wp","href":"https:\/\/api.w.org\/{rel}","templated":true}]}}